{"id":13488,"date":"2022-09-04T15:49:05","date_gmt":"2022-09-04T13:49:05","guid":{"rendered":"https:\/\/bright-river.com\/?page_id=13488"},"modified":"2022-09-07T13:49:51","modified_gmt":"2022-09-07T11:49:51","slug":"content-enrichment-en-validatie","status":"publish","type":"page","link":"https:\/\/bright-river.com\/nl\/content-enrichment-en-validatie\/","title":{"rendered":"Content Enrichment en Validatie"},"content":{"rendered":"<p>[et_pb_section fb_built=&#8221;1&#8243; _builder_version=&#8221;4.17.4&#8243; _module_preset=&#8221;default&#8221; background_color=&#8221;#EFB1A0&#8243; background_enable_image=&#8221;off&#8221; background_enable_video_mp4=&#8221;off&#8221; min_height=&#8221;0px&#8221; da_disable_devices=&#8221;off|off|off&#8221; global_colors_info=&#8221;{}&#8221; da_is_popup=&#8221;off&#8221; da_exit_intent=&#8221;off&#8221; da_has_close=&#8221;on&#8221; da_alt_close=&#8221;off&#8221; da_dark_close=&#8221;off&#8221; da_not_modal=&#8221;on&#8221; da_is_singular=&#8221;off&#8221; da_with_loader=&#8221;off&#8221; da_has_shadow=&#8221;on&#8221;][et_pb_row column_structure=&#8221;1_2,1_2&#8243; make_equal=&#8221;on&#8221; _builder_version=&#8221;4.17.4&#8243; _module_preset=&#8221;default&#8221; background_color=&#8221;RGBA(0,0,0,0)&#8221; custom_padding=&#8221;29px|||||&#8221; custom_css_main_element=&#8221;align-self: center;&#8221; global_colors_info=&#8221;{}&#8221;][et_pb_column type=&#8221;1_2&#8243; _builder_version=&#8221;4.17.4&#8243; _module_preset=&#8221;default&#8221; custom_css_main_element=&#8221;align-self: center;&#8221; global_colors_info=&#8221;{}&#8221;][et_pb_text _builder_version=&#8221;4.17.4&#8243; _module_preset=&#8221;default&#8221; header_font=&#8221;Lato|700|||||||&#8221; header_text_color=&#8221;#FFFFFF&#8221; header_font_size=&#8221;44px&#8221; header_2_text_color=&#8221;#3D3E52&#8243; header_2_font_size=&#8221;40px&#8221; header_2_line_height=&#8221;1.3em&#8221; header_3_text_color=&#8221;#8CC440&#8243; custom_padding=&#8221;||||false|true&#8221; header_font_size_tablet=&#8221;&#8221; header_font_size_phone=&#8221;40px&#8221; header_font_size_last_edited=&#8221;on|phone&#8221; global_colors_info=&#8221;{}&#8221;]<\/p>\n<h1 class=\"av-special-heading-tag \" style=\"text-align: left;\">Content validatie en verrijking voor consistente kwaliteit<\/h1>\n<p>[\/et_pb_text][et_pb_text _builder_version=&#8221;4.17.4&#8243; _module_preset=&#8221;default&#8221; text_text_color=&#8221;#FFFFFF&#8221; text_font_size=&#8221;18px&#8221; header_3_font=&#8221;Lato||||||||&#8221; header_3_text_color=&#8221;#FFFFFF&#8221; header_3_line_height=&#8221;1.2em&#8221; width=&#8221;100%&#8221; max_width=&#8221;95%&#8221; max_width_tablet=&#8221;&#8221; max_width_phone=&#8221;&#8221; max_width_last_edited=&#8221;on|phone&#8221; module_alignment=&#8221;left&#8221; custom_margin=&#8221;-25px||||false|false&#8221; custom_padding=&#8221;||||false|false&#8221; global_colors_info=&#8221;{}&#8221;]<\/p>\n<h3 style=\"text-align: left;\">Consistente inhoud voor al uw SKU&#8217;s. Cre\u00eber gemakkelijk te navigeren productcategorie\u00ebn voor een optimale winkelervaring.<\/h3>\n<p>[\/et_pb_text][et_pb_button button_url=&#8221;https:\/\/bright-river.com\/nl\/plan-een-call\/&#8221; button_text=&#8221;Plan een call&#8221; button_alignment=&#8221;left&#8221; _builder_version=&#8221;4.17.4&#8243; custom_button=&#8221;on&#8221; button_text_color=&#8221;#F7F7F7&#8243; button_bg_color=&#8221;#FD7B5E&#8221; button_border_width=&#8221;0px&#8221; button_border_color=&#8221;#FD7B5E&#8221; button_border_radius=&#8221;0px&#8221; button_letter_spacing=&#8221;0px&#8221; button_font=&#8221;Lato|700|||||||&#8221; button_use_icon=&#8221;off&#8221; custom_margin=&#8221;30px||||false|false&#8221; animation_style=&#8221;fade&#8221; button_text_color_hover=&#8221;#ffffff&#8221; button_border_color_hover=&#8221;#ffffff&#8221; button_letter_spacing_hover=&#8221;2px&#8221; button_bg_color_hover=&#8221;rgba(0,0,0,0)&#8221; locked=&#8221;off&#8221; global_colors_info=&#8221;{}&#8221; button_text_size__hover_enabled=&#8221;off&#8221; button_one_text_size__hover_enabled=&#8221;off&#8221; button_two_text_size__hover_enabled=&#8221;off&#8221; button_text_color__hover_enabled=&#8221;on|hover&#8221; button_text_color__hover=&#8221;#ffffff&#8221; button_one_text_color__hover_enabled=&#8221;off&#8221; button_two_text_color__hover_enabled=&#8221;off&#8221; button_border_width__hover_enabled=&#8221;off&#8221; button_one_border_width__hover_enabled=&#8221;off&#8221; button_two_border_width__hover_enabled=&#8221;off&#8221; button_border_color__hover_enabled=&#8221;on&#8221; button_border_color__hover=&#8221;#ffffff&#8221; button_one_border_color__hover_enabled=&#8221;off&#8221; button_two_border_color__hover_enabled=&#8221;off&#8221; button_border_radius__hover_enabled=&#8221;off&#8221; button_one_border_radius__hover_enabled=&#8221;off&#8221; button_two_border_radius__hover_enabled=&#8221;off&#8221; button_letter_spacing__hover_enabled=&#8221;on&#8221; button_letter_spacing__hover=&#8221;0px&#8221; button_one_letter_spacing__hover_enabled=&#8221;off&#8221; button_two_letter_spacing__hover_enabled=&#8221;off&#8221; button_bg_color__hover_enabled=&#8221;on|hover&#8221; button_bg_color__hover=&#8221;#BEAED5&#8243; button_one_bg_color__hover_enabled=&#8221;off&#8221; button_two_bg_color__hover_enabled=&#8221;off&#8221; button_bg_enable_color__hover=&#8221;on&#8221;][\/et_pb_button][\/et_pb_column][et_pb_column type=&#8221;1_2&#8243; _builder_version=&#8221;4.16&#8243; _module_preset=&#8221;default&#8221; global_colors_info=&#8221;{}&#8221;][et_pb_image src=&#8221;https:\/\/bright-river.com\/wp-content\/uploads\/2022\/08\/Banners_Artworks_SUPPLIER.webp&#8221; title_text=&#8221;Banners_Artworks_SUPPLIER&#8221; align=&#8221;center&#8221; _builder_version=&#8221;4.17.4&#8243; _module_preset=&#8221;default&#8221; width=&#8221;100%&#8221; global_colors_info=&#8221;{}&#8221;][\/et_pb_image][\/et_pb_column][\/et_pb_row][\/et_pb_section][et_pb_section fb_built=&#8221;1&#8243; _builder_version=&#8221;4.17.4&#8243; _module_preset=&#8221;default&#8221; da_disable_devices=&#8221;off|off|off&#8221; global_colors_info=&#8221;{}&#8221; da_is_popup=&#8221;off&#8221; da_exit_intent=&#8221;off&#8221; da_has_close=&#8221;on&#8221; da_alt_close=&#8221;off&#8221; da_dark_close=&#8221;off&#8221; da_not_modal=&#8221;on&#8221; da_is_singular=&#8221;off&#8221; da_with_loader=&#8221;off&#8221; da_has_shadow=&#8221;on&#8221;][et_pb_row column_structure=&#8221;1_3,1_3,1_3&#8243; _builder_version=&#8221;4.16&#8243; _module_preset=&#8221;default&#8221; global_colors_info=&#8221;{}&#8221;][et_pb_column type=&#8221;1_3&#8243; _builder_version=&#8221;4.16&#8243; _module_preset=&#8221;default&#8221; global_colors_info=&#8221;{}&#8221;][et_pb_image src=&#8221;https:\/\/bright-river.com\/wp-content\/uploads\/2022\/08\/icon-conversion-scan-3.svg&#8221; title_text=&#8221;icon-conversion-scan&#8221; _builder_version=&#8221;4.17.4&#8243; _module_preset=&#8221;default&#8221; width=&#8221;15%&#8221; custom_margin=&#8221;||10px||false|false&#8221; global_colors_info=&#8221;{}&#8221;][\/et_pb_image][et_pb_text _builder_version=&#8221;4.17.4&#8243; _module_preset=&#8221;default&#8221; text_text_color=&#8221;#03003f&#8221; global_colors_info=&#8221;{}&#8221;]<\/p>\n<p><strong>Consistente productcategorie\u00ebn<\/strong><br \/>Bied uw klanten een consistente winkelervaring in alle productcategorie\u00ebn.<\/p>\n<p>[\/et_pb_text][\/et_pb_column][et_pb_column type=&#8221;1_3&#8243; _builder_version=&#8221;4.16&#8243; _module_preset=&#8221;default&#8221; global_colors_info=&#8221;{}&#8221;][et_pb_image src=&#8221;https:\/\/bright-river.com\/wp-content\/uploads\/2022\/08\/icon-conversion-scan-3.svg&#8221; title_text=&#8221;icon-conversion-scan&#8221; _builder_version=&#8221;4.17.4&#8243; _module_preset=&#8221;default&#8221; width=&#8221;15%&#8221; custom_margin=&#8221;||10px||false|false&#8221; global_colors_info=&#8221;{}&#8221;][\/et_pb_image][et_pb_text _builder_version=&#8221;4.17.4&#8243; _module_preset=&#8221;default&#8221; text_text_color=&#8221;#03003f&#8221; global_colors_info=&#8221;{}&#8221;]<\/p>\n<p><strong>Zeer nauwkeurige zoekresultaten<\/strong><br \/>Uw shoppers vinden het juiste product veel gemakkelijker met zeer specifieke zoektermen<\/p>\n<p>[\/et_pb_text][\/et_pb_column][et_pb_column type=&#8221;1_3&#8243; _builder_version=&#8221;4.16&#8243; _module_preset=&#8221;default&#8221; global_colors_info=&#8221;{}&#8221;][et_pb_image src=&#8221;https:\/\/bright-river.com\/wp-content\/uploads\/2022\/08\/icon-conversion-scan-3.svg&#8221; title_text=&#8221;icon-conversion-scan&#8221; _builder_version=&#8221;4.17.4&#8243; _module_preset=&#8221;default&#8221; width=&#8221;15%&#8221; custom_margin=&#8221;||10px||false|false&#8221; global_colors_info=&#8221;{}&#8221;][\/et_pb_image][et_pb_text _builder_version=&#8221;4.17.4&#8243; _module_preset=&#8221;default&#8221; text_text_color=&#8221;#03003f&#8221; global_colors_info=&#8221;{}&#8221;]<\/p>\n<p><strong>Volledig aanpasbaar aan uw workflow<\/strong><br \/>Ongeacht hoe u uw huidige content validatie beheert, we kunnen onze workflow volledig naadloos in uw workflow integreren<\/p>\n<p>[\/et_pb_text][\/et_pb_column][\/et_pb_row][\/et_pb_section][et_pb_section fb_built=&#8221;1&#8243; _builder_version=&#8221;4.17.4&#8243; _module_preset=&#8221;default&#8221; min_height=&#8221;100px&#8221; height=&#8221;100px&#8221; max_height=&#8221;100px&#8221; custom_margin=&#8221;||-98px||false|false&#8221; da_disable_devices=&#8221;off|off|off&#8221; global_colors_info=&#8221;{}&#8221; da_is_popup=&#8221;off&#8221; da_exit_intent=&#8221;off&#8221; da_has_close=&#8221;on&#8221; da_alt_close=&#8221;off&#8221; da_dark_close=&#8221;off&#8221; da_not_modal=&#8221;on&#8221; da_is_singular=&#8221;off&#8221; da_with_loader=&#8221;off&#8221; da_has_shadow=&#8221;on&#8221;][et_pb_row _builder_version=&#8221;4.17.4&#8243; _module_preset=&#8221;default&#8221; width=&#8221;100%&#8221; max_width=&#8221;2560px&#8221; custom_margin=&#8221;-44px||-40px||false|false&#8221; custom_padding=&#8221;0px||||false|false&#8221; global_colors_info=&#8221;{}&#8221;][et_pb_column type=&#8221;4_4&#8243; _builder_version=&#8221;4.17.4&#8243; _module_preset=&#8221;default&#8221; global_colors_info=&#8221;{}&#8221;][et_pb_image src=&#8221;https:\/\/bright-river.com\/wp-content\/uploads\/2022\/07\/pattern-1-1.svg&#8221; title_text=&#8221;pattern-1&#8243; _builder_version=&#8221;4.17.4&#8243; _module_preset=&#8221;default&#8221; global_colors_info=&#8221;{}&#8221;][\/et_pb_image][\/et_pb_column][\/et_pb_row][\/et_pb_section][et_pb_section fb_built=&#8221;1&#8243; _builder_version=&#8221;4.17.4&#8243; _module_preset=&#8221;default&#8221; custom_margin=&#8221;90px||||false|false&#8221; custom_padding=&#8221;50px||50px||true|false&#8221; da_disable_devices=&#8221;off|off|off&#8221; global_colors_info=&#8221;{}&#8221; da_is_popup=&#8221;off&#8221; da_exit_intent=&#8221;off&#8221; da_has_close=&#8221;on&#8221; da_alt_close=&#8221;off&#8221; da_dark_close=&#8221;off&#8221; da_not_modal=&#8221;on&#8221; da_is_singular=&#8221;off&#8221; da_with_loader=&#8221;off&#8221; da_has_shadow=&#8221;on&#8221;][et_pb_row column_structure=&#8221;1_2,1_2&#8243; make_equal=&#8221;on&#8221; _builder_version=&#8221;4.17.4&#8243; _module_preset=&#8221;default&#8221; custom_css_main_element=&#8221;align-self: center;&#8221; global_colors_info=&#8221;{}&#8221;][et_pb_column type=&#8221;1_2&#8243; _builder_version=&#8221;4.17.4&#8243; _module_preset=&#8221;default&#8221; custom_css_main_element=&#8221;align-self: center;&#8221; global_colors_info=&#8221;{}&#8221;][et_pb_image src=&#8221;https:\/\/bright-river.com\/wp-content\/uploads\/2022\/08\/placeholder-tabs-copy-supplier.webp&#8221; title_text=&#8221;placeholder-tabs copy-supplier&#8221; _builder_version=&#8221;4.17.4&#8243; _module_preset=&#8221;default&#8221; global_colors_info=&#8221;{}&#8221;][\/et_pb_image][\/et_pb_column][et_pb_column type=&#8221;1_2&#8243; _builder_version=&#8221;4.17.4&#8243; _module_preset=&#8221;default&#8221; custom_css_main_element=&#8221;align-self: center;&#8221; global_colors_info=&#8221;{}&#8221;][et_pb_text _builder_version=&#8221;4.17.4&#8243; _module_preset=&#8221;default&#8221; header_2_font=&#8221;Lato|700|||||||&#8221; header_2_text_color=&#8221;#03003f&#8221; header_2_font_size=&#8221;36px&#8221; global_colors_info=&#8221;{}&#8221;]<\/p>\n<h2>Hoe het werkt<\/h2>\n<p>[\/et_pb_text][et_pb_text _builder_version=&#8221;4.17.4&#8243; _module_preset=&#8221;default&#8221; global_colors_info=&#8221;{}&#8221;]<\/p>\n<p>Het kan een uitdaging zijn om de consistentie van de productinhoud in alle productcategorie\u00ebn te behouden als u werkt met door de leverancier geleverde afbeeldingen. We kunnen ervoor zorgen dat de visuals en de toeschrijving van gegevens perfect zijn. Eerst controleren we of alle benodigde visuals en data aanwezig zijn. Zo niet, dan wijzen we de afbeelding af en bezorgen we ze terug, met vermelding van wat er ontbreekt. Na validatie kunnen we u helpen met de attributie, waardoor zeer specifieke zoek functionaliteiten mogelijk zijn, zodat uw klanten gemakkelijk de producten kunnen vinden die ze nodig hebben. Ten slotte kunnen we kleine onvolkomenheden in uw visuals corrigeren, zoals opvulling, het wijzigen van de achtergrond of consistent gebruik van schaduwen, zodat u klaar bent om inhoud voor al uw SKU&#8217;s te publiceren.<\/p>\n<p>[\/et_pb_text][\/et_pb_column][\/et_pb_row][\/et_pb_section][et_pb_section fb_built=&#8221;1&#8243; _builder_version=&#8221;4.17.4&#8243; _module_preset=&#8221;default&#8221; background_color=&#8221;#EFB1A0&#8243; da_disable_devices=&#8221;off|off|off&#8221; global_colors_info=&#8221;{}&#8221; da_is_popup=&#8221;off&#8221; da_exit_intent=&#8221;off&#8221; da_has_close=&#8221;on&#8221; da_alt_close=&#8221;off&#8221; da_dark_close=&#8221;off&#8221; da_not_modal=&#8221;on&#8221; da_is_singular=&#8221;off&#8221; da_with_loader=&#8221;off&#8221; da_has_shadow=&#8221;on&#8221;][et_pb_row column_structure=&#8221;1_3,2_3&#8243; make_equal=&#8221;on&#8221; _builder_version=&#8221;4.17.4&#8243; _module_preset=&#8221;default&#8221; global_colors_info=&#8221;{}&#8221;][et_pb_column type=&#8221;1_3&#8243; _builder_version=&#8221;4.17.4&#8243; _module_preset=&#8221;default&#8221; custom_css_main_element=&#8221;align-self: center;&#8221; global_colors_info=&#8221;{}&#8221;][et_pb_image src=&#8221;https:\/\/bright-river.com\/wp-content\/uploads\/2022\/07\/martijn-copy.png&#8221; title_text=&#8221;martijn copy&#8221; _builder_version=&#8221;4.17.4&#8243; _module_preset=&#8221;default&#8221; global_colors_info=&#8221;{}&#8221;][\/et_pb_image][\/et_pb_column][et_pb_column type=&#8221;2_3&#8243; _builder_version=&#8221;4.17.4&#8243; _module_preset=&#8221;default&#8221; custom_css_main_element=&#8221;align-self: center;&#8221; global_colors_info=&#8221;{}&#8221;][et_pb_text _builder_version=&#8221;4.17.4&#8243; _module_preset=&#8221;default&#8221; header_2_font=&#8221;|700|||||||&#8221; header_2_text_color=&#8221;#FFFFFF&#8221; header_2_font_size=&#8221;30px&#8221; global_colors_info=&#8221;{}&#8221;]<\/p>\n<h2>Hoe kunnen we u helpen uw content validatie- en verrijkingsproces te verbeteren?<\/h2>\n<p>[\/et_pb_text][et_pb_text _builder_version=&#8221;4.17.4&#8243; _module_preset=&#8221;default&#8221; text_text_color=&#8221;#FFFFFF&#8221; global_colors_info=&#8221;{}&#8221;]<\/p>\n<p><strong>Geen twee werkstromen zijn hetzelfde. Daarom moeten we uw specifieke vereisten met betrekking tot\u00a0 content validatie en -verrijking begrijpen. Op deze manier kunnen we u best-practice aanbevelingen geven voor een optimale workflow. In een kort gesprek bespreken we graag de mogelijkheden.<\/strong><\/p>\n<p>[\/et_pb_text][et_pb_button button_url=&#8221;https:\/\/bright-river.com\/nl\/plan-een-call&#8221; button_text=&#8221;Plan een call&#8221; _builder_version=&#8221;4.17.4&#8243; _module_preset=&#8221;default&#8221; custom_button=&#8221;on&#8221; button_text_size=&#8221;16px&#8221; button_text_color=&#8221;#FFFFFF&#8221; button_bg_color=&#8221;#FD7B5E&#8221; button_use_icon=&#8221;off&#8221; custom_margin=&#8221;0px||||false|false&#8221; global_colors_info=&#8221;{}&#8221; button_bg_color__hover_enabled=&#8221;on|hover&#8221; button_bg_color__hover=&#8221;#bdadda&#8221; button_bg_enable_color__hover=&#8221;on&#8221;][\/et_pb_button][\/et_pb_column][\/et_pb_row][\/et_pb_section][et_pb_section fb_built=&#8221;1&#8243; module_class=&#8221;footer&#8211;banner&#8221; _builder_version=&#8221;4.17.4&#8243; _module_preset=&#8221;default&#8221; custom_margin=&#8221;||||false|false&#8221; da_disable_devices=&#8221;off|off|off&#8221; global_colors_info=&#8221;{}&#8221; da_is_popup=&#8221;off&#8221; da_exit_intent=&#8221;off&#8221; da_has_close=&#8221;on&#8221; da_alt_close=&#8221;off&#8221; da_dark_close=&#8221;off&#8221; da_not_modal=&#8221;on&#8221; da_is_singular=&#8221;off&#8221; da_with_loader=&#8221;off&#8221; da_has_shadow=&#8221;on&#8221;][et_pb_row _builder_version=&#8221;4.17.4&#8243; _module_preset=&#8221;default&#8221; width=&#8221;100%&#8221; max_width=&#8221;2560px&#8221; custom_margin=&#8221;||||false|false&#8221; custom_padding=&#8221;0px||||false|false&#8221; global_colors_info=&#8221;{}&#8221;][et_pb_column type=&#8221;4_4&#8243; _builder_version=&#8221;4.17.4&#8243; _module_preset=&#8221;default&#8221; global_colors_info=&#8221;{}&#8221;][et_pb_image src=&#8221;https:\/\/bright-river.com\/wp-content\/uploads\/2022\/07\/pattern-1-1.svg&#8221; title_text=&#8221;pattern-1&#8243; _builder_version=&#8221;4.17.4&#8243; _module_preset=&#8221;default&#8221; global_colors_info=&#8221;{}&#8221;][\/et_pb_image][\/et_pb_column][\/et_pb_row][\/et_pb_section]<\/p>\n","protected":false},"excerpt":{"rendered":"<p>Content validatie en verrijking voor consistente kwaliteitConsistente inhoud voor al uw SKU&#8217;s. Cre\u00eber gemakkelijk te navigeren productcategorie\u00ebn voor een optimale winkelervaring.Consistente productcategorie\u00ebnBied uw klanten een consistente winkelervaring in alle productcategorie\u00ebn.Zeer nauwkeurige zoekresultatenUw shoppers vinden het juiste product veel gemakkelijker met zeer specifieke zoektermenVolledig aanpasbaar aan uw workflowOngeacht hoe u uw huidige content validatie beheert, we [&hellip;]<\/p>\n","protected":false},"author":2,"featured_media":0,"parent":0,"menu_order":0,"comment_status":"closed","ping_status":"closed","template":"","meta":{"_acf_changed":false,"_et_pb_use_builder":"on","_et_pb_old_content":"","_et_gb_content_width":"","content-type":"","footnotes":""},"class_list":["post-13488","page","type-page","status-publish","hentry"],"acf":[],"yoast_head":"<!-- This site is optimized with the Yoast SEO Premium plugin v27.4 (Yoast SEO v27.5) - https:\/\/yoast.com\/product\/yoast-seo-premium-wordpress\/ -->\n<title>Content Enrichment en Validatie - Bright river<\/title>\n<meta name=\"description\" content=\"Consistente inhoud voor al uw SKU&#039;s. Cre\u00eber gemakkelijk te navigeren productcategorie\u00ebn voor een optimale winkelervaring.\" \/>\n<meta name=\"robots\" content=\"index, follow, max-snippet:-1, max-image-preview:large, max-video-preview:-1\" \/>\n<link rel=\"canonical\" href=\"\/nl\/content-enrichment-en-validatie\/\" \/>\n<meta property=\"og:locale\" content=\"nl_NL\" \/>\n<meta property=\"og:type\" content=\"article\" \/>\n<meta property=\"og:title\" content=\"Content Enrichment en Validatie\" \/>\n<meta property=\"og:description\" content=\"Consistente inhoud voor al uw SKU&#039;s. Cre\u00eber gemakkelijk te navigeren productcategorie\u00ebn voor een optimale winkelervaring.\" \/>\n<meta property=\"og:url\" content=\"\/nl\/content-enrichment-en-validatie\/\" \/>\n<meta property=\"og:site_name\" content=\"Bright river\" \/>\n<meta property=\"article:modified_time\" content=\"2022-09-07T11:49:51+00:00\" \/>\n<meta property=\"og:image\" content=\"https:\/\/bright-river.com\/wp-content\/uploads\/2021\/07\/Linkedin-1200-627.jpg\" \/>\n\t<meta property=\"og:image:width\" content=\"1200\" \/>\n\t<meta property=\"og:image:height\" content=\"627\" \/>\n\t<meta property=\"og:image:type\" content=\"image\/jpeg\" \/>\n<meta name=\"twitter:card\" content=\"summary_large_image\" \/>\n<meta name=\"twitter:label1\" content=\"Geschatte leestijd\" \/>\n\t<meta name=\"twitter:data1\" content=\"9 minuten\" \/>\n<script type=\"application\/ld+json\" class=\"yoast-schema-graph\">{\"@context\":\"https:\\\/\\\/schema.org\",\"@graph\":[{\"@type\":\"WebPage\",\"@id\":\"https:\\\/\\\/bright-river.com\\\/nl\\\/content-enrichment-en-validatie\\\/\",\"url\":\"\\\/nl\\\/content-enrichment-en-validatie\\\/\",\"name\":\"Content Enrichment en Validatie - Bright river\",\"isPartOf\":{\"@id\":\"https:\\\/\\\/bright-river.com\\\/#website\"},\"datePublished\":\"2022-09-04T13:49:05+00:00\",\"dateModified\":\"2022-09-07T11:49:51+00:00\",\"description\":\"Consistente inhoud voor al uw SKU's. Cre\u00eber gemakkelijk te navigeren productcategorie\u00ebn voor een optimale winkelervaring.\",\"breadcrumb\":{\"@id\":\"\\\/nl\\\/content-enrichment-en-validatie\\\/#breadcrumb\"},\"inLanguage\":\"nl-NL\",\"potentialAction\":[{\"@type\":\"ReadAction\",\"target\":[\"\\\/nl\\\/content-enrichment-en-validatie\\\/\"]}]},{\"@type\":\"BreadcrumbList\",\"@id\":\"\\\/nl\\\/content-enrichment-en-validatie\\\/#breadcrumb\",\"itemListElement\":[{\"@type\":\"ListItem\",\"position\":1,\"name\":\"Home\",\"item\":\"https:\\\/\\\/bright-river.com\\\/nl\\\/\"},{\"@type\":\"ListItem\",\"position\":2,\"name\":\"Content Enrichment en Validatie\"}]},{\"@type\":\"WebSite\",\"@id\":\"https:\\\/\\\/bright-river.com\\\/#website\",\"url\":\"https:\\\/\\\/bright-river.com\\\/\",\"name\":\"Bright river\",\"description\":\"Visual Product Content Solutions\",\"potentialAction\":[{\"@type\":\"SearchAction\",\"target\":{\"@type\":\"EntryPoint\",\"urlTemplate\":\"https:\\\/\\\/bright-river.com\\\/?s={search_term_string}\"},\"query-input\":{\"@type\":\"PropertyValueSpecification\",\"valueRequired\":true,\"valueName\":\"search_term_string\"}}],\"inLanguage\":\"nl-NL\"}]}<\/script>\n<!-- \/ Yoast SEO Premium plugin. -->","yoast_head_json":{"title":"Content Enrichment en Validatie - Bright river","description":"Consistente inhoud voor al uw SKU's. Cre\u00eber gemakkelijk te navigeren productcategorie\u00ebn voor een optimale winkelervaring.","robots":{"index":"index","follow":"follow","max-snippet":"max-snippet:-1","max-image-preview":"max-image-preview:large","max-video-preview":"max-video-preview:-1"},"canonical":"\/nl\/content-enrichment-en-validatie\/","og_locale":"nl_NL","og_type":"article","og_title":"Content Enrichment en Validatie","og_description":"Consistente inhoud voor al uw SKU's. Cre\u00eber gemakkelijk te navigeren productcategorie\u00ebn voor een optimale winkelervaring.","og_url":"\/nl\/content-enrichment-en-validatie\/","og_site_name":"Bright river","article_modified_time":"2022-09-07T11:49:51+00:00","og_image":[{"width":1200,"height":627,"url":"https:\/\/bright-river.com\/wp-content\/uploads\/2021\/07\/Linkedin-1200-627.jpg","type":"image\/jpeg"}],"twitter_card":"summary_large_image","twitter_misc":{"Geschatte leestijd":"9 minuten"},"schema":{"@context":"https:\/\/schema.org","@graph":[{"@type":"WebPage","@id":"https:\/\/bright-river.com\/nl\/content-enrichment-en-validatie\/","url":"\/nl\/content-enrichment-en-validatie\/","name":"Content Enrichment en Validatie - Bright river","isPartOf":{"@id":"https:\/\/bright-river.com\/#website"},"datePublished":"2022-09-04T13:49:05+00:00","dateModified":"2022-09-07T11:49:51+00:00","description":"Consistente inhoud voor al uw SKU's. Cre\u00eber gemakkelijk te navigeren productcategorie\u00ebn voor een optimale winkelervaring.","breadcrumb":{"@id":"\/nl\/content-enrichment-en-validatie\/#breadcrumb"},"inLanguage":"nl-NL","potentialAction":[{"@type":"ReadAction","target":["\/nl\/content-enrichment-en-validatie\/"]}]},{"@type":"BreadcrumbList","@id":"\/nl\/content-enrichment-en-validatie\/#breadcrumb","itemListElement":[{"@type":"ListItem","position":1,"name":"Home","item":"https:\/\/bright-river.com\/nl\/"},{"@type":"ListItem","position":2,"name":"Content Enrichment en Validatie"}]},{"@type":"WebSite","@id":"https:\/\/bright-river.com\/#website","url":"https:\/\/bright-river.com\/","name":"Bright river","description":"Visual Product Content Solutions","potentialAction":[{"@type":"SearchAction","target":{"@type":"EntryPoint","urlTemplate":"https:\/\/bright-river.com\/?s={search_term_string}"},"query-input":{"@type":"PropertyValueSpecification","valueRequired":true,"valueName":"search_term_string"}}],"inLanguage":"nl-NL"}]}},"_links":{"self":[{"href":"https:\/\/bright-river.com\/nl\/wp-json\/wp\/v2\/pages\/13488","targetHints":{"allow":["GET"]}}],"collection":[{"href":"https:\/\/bright-river.com\/nl\/wp-json\/wp\/v2\/pages"}],"about":[{"href":"https:\/\/bright-river.com\/nl\/wp-json\/wp\/v2\/types\/page"}],"author":[{"embeddable":true,"href":"https:\/\/bright-river.com\/nl\/wp-json\/wp\/v2\/users\/2"}],"replies":[{"embeddable":true,"href":"https:\/\/bright-river.com\/nl\/wp-json\/wp\/v2\/comments?post=13488"}],"version-history":[{"count":5,"href":"https:\/\/bright-river.com\/nl\/wp-json\/wp\/v2\/pages\/13488\/revisions"}],"predecessor-version":[{"id":13808,"href":"https:\/\/bright-river.com\/nl\/wp-json\/wp\/v2\/pages\/13488\/revisions\/13808"}],"wp:attachment":[{"href":"https:\/\/bright-river.com\/nl\/wp-json\/wp\/v2\/media?parent=13488"}],"curies":[{"name":"wp","href":"https:\/\/api.w.org\/{rel}","templated":true}]}}